{"id":42,"date":"2024-10-23T13:16:19","date_gmt":"2024-10-23T11:16:19","guid":{"rendered":"https:\/\/kigabenjamin.de\/?page_id=42"},"modified":"2024-10-23T13:16:19","modified_gmt":"2024-10-23T11:16:19","slug":"kontakt","status":"publish","type":"page","link":"https:\/\/kigabenjamin.de\/index.php\/kontakt\/","title":{"rendered":"Kontakt"},"content":{"rendered":"\n<p>Gerne stehen wir Ihnen f\u00fcr ein unverbindliches Gespr\u00e4ch und ein Kennenlernen unserer Einrichtung zur Verf\u00fcgung.<\/p>\n\n\n\n<p>N\u00e4here Auskunft erhalten Sie hier:<\/p>\n\n\n\n<p>Kindergarten Benjamin<br>Obere Achstra\u00dfe 13<br>88316 Isny<br>Tel.: +49 (0) 75 62 9 30 87<\/p>\n\n\n\n<p>Email: <a href=\"mailto:kiga-benjamin@web.de\">kiga-benjamin@web.de<\/a><\/p>\n\n\n\n<p><\/p>\n","protected":false},"excerpt":{"rendered":"<p>Gerne stehen wir Ihnen f\u00fcr ein unverbindliches Gespr\u00e4ch und ein Kennenlernen unserer Einrichtung zur Verf\u00fcgung. N\u00e4here Auskunft erhalten Sie hier: Kindergarten BenjaminObere Achstra\u00dfe 1388316 IsnyTel.: +49 (0) 75 62 9 30 87 Email: kiga-benjamin@web.de<\/p>\n","protected":false},"author":1,"featured_media":0,"parent":0,"menu_order":0,"comment_status":"closed","ping_status":"closed","template":"","meta":{"footnotes":""},"class_list":["post-42","page","type-page","status-publish","hentry"],"_links":{"self":[{"href":"https:\/\/kigabenjamin.de\/index.php\/wp-json\/wp\/v2\/pages\/42","targetHints":{"allow":["GET"]}}],"collection":[{"href":"https:\/\/kigabenjamin.de\/index.php\/wp-json\/wp\/v2\/pages"}],"about":[{"href":"https:\/\/kigabenjamin.de\/index.php\/wp-json\/wp\/v2\/types\/page"}],"author":[{"embeddable":true,"href":"https:\/\/kigabenjamin.de\/index.php\/wp-json\/wp\/v2\/users\/1"}],"replies":[{"embeddable":true,"href":"https:\/\/kigabenjamin.de\/index.php\/wp-json\/wp\/v2\/comments?post=42"}],"version-history":[{"count":1,"href":"https:\/\/kigabenjamin.de\/index.php\/wp-json\/wp\/v2\/pages\/42\/revisions"}],"predecessor-version":[{"id":43,"href":"https:\/\/kigabenjamin.de\/index.php\/wp-json\/wp\/v2\/pages\/42\/revisions\/43"}],"wp:attachment":[{"href":"https:\/\/kigabenjamin.de\/index.php\/wp-json\/wp\/v2\/media?parent=42"}],"curies":[{"name":"wp","href":"https:\/\/api.w.org\/{rel}","templated":true}]}}