{"id":40,"date":"2024-10-23T13:15:42","date_gmt":"2024-10-23T11:15:42","guid":{"rendered":"https:\/\/kigabenjamin.de\/?page_id=40"},"modified":"2024-10-23T13:15:42","modified_gmt":"2024-10-23T11:15:42","slug":"raeumlichkeiten-und-gelaende","status":"publish","type":"page","link":"https:\/\/kigabenjamin.de\/index.php\/raeumlichkeiten-und-gelaende\/","title":{"rendered":"R\u00e4umlichkeiten und Gel\u00e4nde"},"content":{"rendered":"\n<p>Der Kindergarten befindet sich ebenerdig in einem alten Fachwerkhaus. Zentral aber doch ruhig, liegt unser Kindergarten etwas versteckt in der N\u00e4he des Sauweihers und bietet den Kindern einen Ort zum Wohlf\u00fchlen.<\/p>\n\n\n\n<p><br>Der Innenbereich des Kindergartens ist in f\u00fcnf Bereiche gegliedert.<\/p>\n\n\n\n<p>Das Herzst\u00fcck ist unser Gruppenraum mit Bauecke, gem\u00fctlichem Leseplatz, Kreativbereich und der Puppenecke. Gleich gegen\u00fcber befindet sich ein kleinerer Raum, der mit einem Kletterger\u00fcst ausgestattet ist und haupts\u00e4chlich als Bewegungsraum genutzt wird.<\/p>\n\n\n\n<p>Im Flur ist die Garderobe der Kinder untergebracht, au\u00dferdem ist hier auch eine Werkbank mit Platz f\u00fcr handwerkliche Arbeiten.<br>Neben den Sanit\u00e4rr\u00e4umen steht au\u00dferdem noch eine K\u00fcche zur Verf\u00fcgung.<br>Durch Raumschnitt und Gestaltung wirkt das Gesamtbild famili\u00e4r und bietet Platz f\u00fcr bis zu 17 Kinder.<\/p>\n\n\n\n<p><br>Das gro\u00dfz\u00fcgige Au\u00dfengel\u00e4nde schlie\u00dft direkt an und l\u00e4dt durch verschiedene Bereiche zu abenteuerlichem Spiel ein. Im Garten finden die Kinder ein Kletterger\u00fcst, einen gro\u00dfen Sandkasten mit Wasserpumpe, ein Schuppen mit Fahrzeugen und vielem mehr zum Spielen.<\/p>\n","protected":false},"excerpt":{"rendered":"<p>Der Kindergarten befindet sich ebenerdig in einem alten Fachwerkhaus. Zentral aber doch ruhig, liegt unser Kindergarten etwas versteckt in der N\u00e4he des Sauweihers und bietet den Kindern einen Ort zum Wohlf\u00fchlen. Der Innenbereich des Kindergartens ist in f\u00fcnf Bereiche gegliedert.<\/p>\n","protected":false},"author":1,"featured_media":0,"parent":0,"menu_order":0,"comment_status":"closed","ping_status":"closed","template":"","meta":{"footnotes":""},"class_list":["post-40","page","type-page","status-publish","hentry"],"_links":{"self":[{"href":"https:\/\/kigabenjamin.de\/index.php\/wp-json\/wp\/v2\/pages\/40","targetHints":{"allow":["GET"]}}],"collection":[{"href":"https:\/\/kigabenjamin.de\/index.php\/wp-json\/wp\/v2\/pages"}],"about":[{"href":"https:\/\/kigabenjamin.de\/index.php\/wp-json\/wp\/v2\/types\/page"}],"author":[{"embeddable":true,"href":"https:\/\/kigabenjamin.de\/index.php\/wp-json\/wp\/v2\/users\/1"}],"replies":[{"embeddable":true,"href":"https:\/\/kigabenjamin.de\/index.php\/wp-json\/wp\/v2\/comments?post=40"}],"version-history":[{"count":1,"href":"https:\/\/kigabenjamin.de\/index.php\/wp-json\/wp\/v2\/pages\/40\/revisions"}],"predecessor-version":[{"id":41,"href":"https:\/\/kigabenjamin.de\/index.php\/wp-json\/wp\/v2\/pages\/40\/revisions\/41"}],"wp:attachment":[{"href":"https:\/\/kigabenjamin.de\/index.php\/wp-json\/wp\/v2\/media?parent=40"}],"curies":[{"name":"wp","href":"https:\/\/api.w.org\/{rel}","templated":true}]}}