{"id":38,"date":"2024-10-23T13:15:26","date_gmt":"2024-10-23T11:15:26","guid":{"rendered":"https:\/\/kigabenjamin.de\/?page_id=38"},"modified":"2025-04-01T15:27:57","modified_gmt":"2025-04-01T13:27:57","slug":"tages-wochenstruktur","status":"publish","type":"page","link":"https:\/\/kigabenjamin.de\/index.php\/tages-wochenstruktur\/","title":{"rendered":"Tages-\/Wochenstruktur"},"content":{"rendered":"\n<p><strong>Tagesstruktur:<\/strong><br><\/p>\n\n\n\n<figure class=\"wp-block-table\"><table class=\"has-fixed-layout\"><tbody><tr><td>7.30 Uhr \u2013 9.10 Uhr<\/td><td>Freispiel<\/td><\/tr><tr><td>9.20 Uhr \u2013 9.50 Uhr<\/td><td>Morgenkreis<\/td><\/tr><tr><td>10.00 Uhr \u2013 10.20 Uhr<\/td><td>gemeinsames Vesper<\/td><\/tr><tr><td>10.20 Uhr \u2013 10.40 Uhr<\/td><td>Zeit, um zur Ruhe zu kommen bei einem Puzzle, Buch oder einem Tischspiel<\/td><\/tr><tr><td>11.00 Uhr \u2013 11.40 Uhr<\/td><td>Gezieltes Angebot f\u00fcr die ganze Gruppe oder in einer Kleingruppe; Zeit f\u00fcr Projekte<\/td><\/tr><tr><td>11.45 Uhr<\/td><td>Spielen im Garten<\/td><\/tr><tr><td>12.00 Uhr<\/td><td>Beginn der Abholzeit<\/td><\/tr><tr><td>12.40 Uhr<\/td><td>zweites Vesper<\/td><\/tr><tr><td>12.40 \u2013 13.30 Uhr<\/td><td>Freispiel<\/td><\/tr><tr><td>13.30 Uhr<\/td><td>Ende des Kindergartentags<\/td><\/tr><\/tbody><\/table><\/figure>\n\n\n\n<p><strong>Wochenstruktur:<\/strong><\/p>\n\n\n\n<p>Wir haben verschiedene Angebote, die w\u00f6chentlich stattfinden. Die Wochentage werden jeweils am Anfang des Kindergartenjahres abgestimmt und festgelegt.<\/p>\n\n\n\n<p>Zu den Angeboten z\u00e4hlen:<br>\u2022 Turnen<br>\u2022 Schu-bi-du (f\u00fcr die Vorschulkinder)<br>\u2022 Sprachf\u00f6rderung (ISF+) f\u00fcr Kinder mit erh\u00f6htem Sprachf\u00f6rderbedarf (2 mal pro Woche)<br>\u2022 Z\u00e4hneputzen nach dem Vesper<br>\u2022 Portfoliotag (an diesem Tag besch\u00e4ftigen sich die Kinder mit ihren Entwicklungsmappen)<br>\u2022 Besuche auf dem Wochenmarkt, bei denen auch \u00c4pfel f\u00fcr das gesunde Fr\u00fchst\u00fcck gekauft werden<br>\u2022 Wir besch\u00e4ftigen uns regelm\u00e4\u00dfig mit biblischen Geschichten<br>\u2022 Naturtag (etwa alle 14 Tage)<br>\u2022 Etwa einmal im Monat gibt es gesundes Fr\u00fchst\u00fcck, die Kinder helfen bei der Zubereitung (M\u00fcsli, Brot mit Frischk\u00e4se, Kn\u00e4ckebrot, Gem\u00fcsegesichter, Teilefr\u00fchst\u00fcck,&#8230;.)<\/p>\n","protected":false},"excerpt":{"rendered":"<p>Tagesstruktur: 7.30 Uhr \u2013 9.10 Uhr Freispiel 9.20 Uhr \u2013 9.50 Uhr Morgenkreis 10.00 Uhr \u2013 10.20 Uhr gemeinsames Vesper 10.20 Uhr \u2013 10.40 Uhr Zeit, um zur Ruhe zu kommen bei einem Puzzle, Buch oder einem Tischspiel 11.00 Uhr<\/p>\n","protected":false},"author":1,"featured_media":0,"parent":0,"menu_order":0,"comment_status":"closed","ping_status":"closed","template":"","meta":{"footnotes":""},"class_list":["post-38","page","type-page","status-publish","hentry"],"_links":{"self":[{"href":"https:\/\/kigabenjamin.de\/index.php\/wp-json\/wp\/v2\/pages\/38","targetHints":{"allow":["GET"]}}],"collection":[{"href":"https:\/\/kigabenjamin.de\/index.php\/wp-json\/wp\/v2\/pages"}],"about":[{"href":"https:\/\/kigabenjamin.de\/index.php\/wp-json\/wp\/v2\/types\/page"}],"author":[{"embeddable":true,"href":"https:\/\/kigabenjamin.de\/index.php\/wp-json\/wp\/v2\/users\/1"}],"replies":[{"embeddable":true,"href":"https:\/\/kigabenjamin.de\/index.php\/wp-json\/wp\/v2\/comments?post=38"}],"version-history":[{"count":4,"href":"https:\/\/kigabenjamin.de\/index.php\/wp-json\/wp\/v2\/pages\/38\/revisions"}],"predecessor-version":[{"id":69,"href":"https:\/\/kigabenjamin.de\/index.php\/wp-json\/wp\/v2\/pages\/38\/revisions\/69"}],"wp:attachment":[{"href":"https:\/\/kigabenjamin.de\/index.php\/wp-json\/wp\/v2\/media?parent=38"}],"curies":[{"name":"wp","href":"https:\/\/api.w.org\/{rel}","templated":true}]}}