{"id":34,"date":"2024-10-23T13:13:18","date_gmt":"2024-10-23T11:13:18","guid":{"rendered":"https:\/\/kigabenjamin.de\/?page_id=34"},"modified":"2025-04-01T15:16:42","modified_gmt":"2025-04-01T13:16:42","slug":"organisatorisches","status":"publish","type":"page","link":"https:\/\/kigabenjamin.de\/index.php\/organisatorisches\/","title":{"rendered":"Organisatorisches"},"content":{"rendered":"\n<p>Anmeldungen<\/p>\n\n\n\n<p>Die <strong>Anmeldung f\u00fcr einen Platz<\/strong> in einem der Isnyer Kinderg\u00e4rten erfolgt <strong>ausschlie\u00dflich online<\/strong> \u00fcber die <mark style=\"background-color:#fcb900\" class=\"has-inline-color\"><a href=\"https:\/\/www.isny.de\/zentrale-vormerkung\">Zentrale Vormerkung<\/a>.<\/mark><\/p>\n\n\n\n<p>Die Anmeldung kann jederzeit nach der Geburt <strong>ausschlie\u00dflich online<\/strong> ausgef\u00fcllt werden, sollte aber sp\u00e4testens ein halbes Jahr vor dem gew\u00fcnschten Aufnahmetermin eingehen. Die Zusage f\u00fcr das jeweilige Kindergartenjahr wird von der Einrichtung zum Stichtag 01.03. erteilt. <strong>Bis zu drei Einrichtungen<\/strong> k\u00f6nnen ausgew\u00e4hlt werden. Gerne k\u00f6nnen Sie vorab mit den gew\u00fcnschten Einrichtungen Kontakt aufnehmen und sich diese vor Ort anschauen. Durch die zentrale Vormerkung wird die Platzvergabe f\u00fcr die Einrichtungen und die Eltern erleichtert und Mehrfachanmeldungen werden vermieden.<\/p>\n\n\n\n<p>So funktioniert\u00b4s<\/p>\n\n\n\n<ul class=\"wp-block-list\">\n<li>In der Anmeldemaske anmelden bzw. registrieren und Link best\u00e4tigen<\/li>\n\n\n\n<li>Vormerkung ausf\u00fcllen und Einrichtungen ausw\u00e4hlen<\/li>\n\n\n\n<li>Angaben speichern und Best\u00e4tigung per E-Mail erhalten<\/li>\n\n\n\n<li>R\u00fcckmeldung der Einrichtung(en) abwarten<\/li>\n<\/ul>\n","protected":false},"excerpt":{"rendered":"<p>Anmeldungen Die Anmeldung f\u00fcr einen Platz in einem der Isnyer Kinderg\u00e4rten erfolgt ausschlie\u00dflich online \u00fcber die Zentrale Vormerkung. Die Anmeldung kann jederzeit nach der Geburt ausschlie\u00dflich online ausgef\u00fcllt werden, sollte aber sp\u00e4testens ein halbes Jahr vor dem gew\u00fcnschten Aufnahmetermin eingehen.<\/p>\n","protected":false},"author":1,"featured_media":0,"parent":0,"menu_order":0,"comment_status":"closed","ping_status":"closed","template":"","meta":{"footnotes":""},"class_list":["post-34","page","type-page","status-publish","hentry"],"_links":{"self":[{"href":"https:\/\/kigabenjamin.de\/index.php\/wp-json\/wp\/v2\/pages\/34","targetHints":{"allow":["GET"]}}],"collection":[{"href":"https:\/\/kigabenjamin.de\/index.php\/wp-json\/wp\/v2\/pages"}],"about":[{"href":"https:\/\/kigabenjamin.de\/index.php\/wp-json\/wp\/v2\/types\/page"}],"author":[{"embeddable":true,"href":"https:\/\/kigabenjamin.de\/index.php\/wp-json\/wp\/v2\/users\/1"}],"replies":[{"embeddable":true,"href":"https:\/\/kigabenjamin.de\/index.php\/wp-json\/wp\/v2\/comments?post=34"}],"version-history":[{"count":9,"href":"https:\/\/kigabenjamin.de\/index.php\/wp-json\/wp\/v2\/pages\/34\/revisions"}],"predecessor-version":[{"id":65,"href":"https:\/\/kigabenjamin.de\/index.php\/wp-json\/wp\/v2\/pages\/34\/revisions\/65"}],"wp:attachment":[{"href":"https:\/\/kigabenjamin.de\/index.php\/wp-json\/wp\/v2\/media?parent=34"}],"curies":[{"name":"wp","href":"https:\/\/api.w.org\/{rel}","templated":true}]}}