{"id":3,"date":"2024-10-19T17:17:04","date_gmt":"2024-10-19T15:17:04","guid":{"rendered":"http:\/\/kigabenjamin.de\/?page_id=3"},"modified":"2024-10-23T13:11:31","modified_gmt":"2024-10-23T11:11:31","slug":"datenschutzerklaerung","status":"publish","type":"page","link":"https:\/\/kigabenjamin.de\/index.php\/datenschutzerklaerung\/","title":{"rendered":"Datenschutz und Impressum"},"content":{"rendered":"\n<p>Verantwortlich f\u00fcr diese Seiten i. S. d. \u00a7 6 TDG \/ \u00a7 6 MDStV:<\/p>\n\n\n\n<p id=\"block-58367eca-aaf9-461c-ae85-0f76c689d776\"><strong>Kindergarten Benjamin<\/strong><br>Obere Achstra\u00dfe 13<br>88316 Isny im Allg\u00e4u<br>Tel. +49 (0) 75 62 9 30 87<br><a href=\"mailto:kiga-benjamin@web.de\">kiga-benjamin@web.de<\/a><\/p>\n\n\n\n<p id=\"block-671a6e7c-ce24-41d3-a501-bd6c61631cb5\"><br>Der Evangelisch Freikirchlichen Gemeinde Isny, K.d.\u00f6.R., sind alle Rechte vorbehalten, soweit nicht Rechte Dritter gesetzlich oder vertraglich ber\u00fchrt sind. Texte, Bilder, Grafiken, Gestaltung\/Layout\/Anordnung unterliegen (ebenso wie Schriftz\u00fcge und Logos der Evangelisch Freikirchlichen Gemeinde Isny, K.d.\u00f6.R.) dem Schutz des Urheberrechtes und aller anderen Schutzgesetze.<br><br>Der Inhalt von \u201ekigabenjamin.de\u201c darf nicht zu kommerziellen Zwecken kopiert, verbreitet, ver\u00e4ndert, eingesetzt (z.B. f\u00fcr Firmenpr\u00e4sentationen), in Datenbest\u00e4nden abgespeichert oder Dritten zug\u00e4nglich gemacht\/vertrieben werden.<br><br>Hierf\u00fcr ist eine schriftliche Genehmigung der Evangelisch Freikirchlichen Gemeinde Isny, K.d.\u00f6.R. \u2013&nbsp;notwendig.<br><br>Die Website wurde mit gr\u00f6\u00dftm\u00f6glicher Sorgfalt zusammengestellt. Trotzdem kann die Evangelisch Freikirchliche Gemeinde Isny, K.d.\u00f6.R., f\u00fcr Fehlerfreiheit und Genauigkeit der enthaltenen Informationen nicht garantieren. Die Evangelisch Freikirchliche Gemeinde Isny, K.d.\u00f6.R., schlie\u00dft jegliche Haftung f\u00fcr Sch\u00e4den aus, die direkt oder indirekt aus der Benutzung dieser Website entstehen.<br><br>Die in die Website der Evangelisch Freikirchlichen Gemeinde Isny, K.d.\u00f6.R., eingestellten Links wurden mit gr\u00f6\u00dftm\u00f6glicher Sorgfalt zusammengestellt.&nbsp;Die Evangelisch Freikirchliche Gemeinde Isny, K.d.\u00f6.R., haftet nicht f\u00fcr die dort verbreiteten Inhalte bzw. von dort abzweigenden Links.Hinweis zum Elektronik-Anpassungsgesetz EAnpG<\/p>\n\n\n\n<p id=\"block-635b32d1-f881-482a-96b7-5be374cfd2fd\"><strong>Ausschluss der verschl\u00fcsselten bzw. qualifiziert signierten Kommunikation:<\/strong><br>Annahme verschl\u00fcsselter elektronischer Post<br>Die Evangelisch Freikirchliche Gemeinde Isny, K.d.\u00f6.R., kann aus technischen und organisatorischen Gr\u00fcnden zurzeit noch keine verschl\u00fcsselten E-Mails entschl\u00fcsseln. Falls Sie uns vertrauliche Informationen senden wollen, bitten wir Sie, hierzu die Briefpost zu verwenden.<br><br><strong>Annahme signierter elektronischer Post<\/strong><br>Leider kann die Evangelisch Freikirchliche Gemeinde Isny, K.d.\u00f6.R., aus technischen und organisatorischen Gr\u00fcnden zurzeit noch keine elektronische Signaturen auf Echtheit und G\u00fcltigkeit pr\u00fcfen.<br>Dies hat zu Folge, dass Sie Dokumente, die einem Schriftformerfordernis unterliegen, das hei\u00dft der pers\u00f6nlichen Unterschrift, nicht in elektronischer Form \u00fcbersenden k\u00f6nnen. Wir bitten Sie deshalb, in diesen F\u00e4llen auf die papiergebundene Kommunikation auszuweichen.<\/p>\n\n\n\n<h4 class=\"wp-block-heading\" id=\"block-93352877-6d88-4b17-8d90-30d632f2335b\">\u2014\u2014\u2014\u2014\u2014\u2014\u2014\u2014\u2014\u2014\u2014\u2014\u2014\u2014\u2014\u2014\u2014\u2014\u2014\u2014\u2014\u2014\u2014\u2014\u2014\u2014<\/h4>\n\n\n\n<h6 class=\"wp-block-heading\" id=\"block-cfa2290b-e5f6-4277-915e-b3bfdc758a44\">Technische Umsetzung und Design:<\/h6>\n\n\n\n<p>Bitcraft-Solutions (info@bitcraft-solutions.de)<\/p>\n","protected":false},"excerpt":{"rendered":"<p>Verantwortlich f\u00fcr diese Seiten i. S. d. \u00a7 6 TDG \/ \u00a7 6 MDStV: Kindergarten BenjaminObere Achstra\u00dfe 1388316 Isny im Allg\u00e4uTel. +49 (0) 75 62 9 30 87kiga-benjamin@web.de Der Evangelisch Freikirchlichen Gemeinde Isny, K.d.\u00f6.R., sind alle Rechte vorbehalten, soweit nicht<\/p>\n","protected":false},"author":1,"featured_media":0,"parent":0,"menu_order":0,"comment_status":"closed","ping_status":"open","template":"","meta":{"footnotes":""},"class_list":["post-3","page","type-page","status-publish","hentry"],"_links":{"self":[{"href":"https:\/\/kigabenjamin.de\/index.php\/wp-json\/wp\/v2\/pages\/3","targetHints":{"allow":["GET"]}}],"collection":[{"href":"https:\/\/kigabenjamin.de\/index.php\/wp-json\/wp\/v2\/pages"}],"about":[{"href":"https:\/\/kigabenjamin.de\/index.php\/wp-json\/wp\/v2\/types\/page"}],"author":[{"embeddable":true,"href":"https:\/\/kigabenjamin.de\/index.php\/wp-json\/wp\/v2\/users\/1"}],"replies":[{"embeddable":true,"href":"https:\/\/kigabenjamin.de\/index.php\/wp-json\/wp\/v2\/comments?post=3"}],"version-history":[{"count":1,"href":"https:\/\/kigabenjamin.de\/index.php\/wp-json\/wp\/v2\/pages\/3\/revisions"}],"predecessor-version":[{"id":31,"href":"https:\/\/kigabenjamin.de\/index.php\/wp-json\/wp\/v2\/pages\/3\/revisions\/31"}],"wp:attachment":[{"href":"https:\/\/kigabenjamin.de\/index.php\/wp-json\/wp\/v2\/media?parent=3"}],"curies":[{"name":"wp","href":"https:\/\/api.w.org\/{rel}","templated":true}]}}